{"id":2099,"date":"2026-03-10T10:46:55","date_gmt":"2026-03-10T09:46:55","guid":{"rendered":"https:\/\/marerefilmfestival.com\/?page_id=2099"},"modified":"2026-03-10T11:42:03","modified_gmt":"2026-03-10T10:42:03","slug":"cortometrajes-2026","status":"publish","type":"page","link":"https:\/\/marerefilmfestival.com\/va\/cortometrajes-2026\/","title":{"rendered":"Cortometrajes-2026"},"content":{"rendered":"<div data-elementor-type=\"wp-page\" data-elementor-id=\"2099\" class=\"elementor elementor-2099\" data-elementor-post-type=\"page\">\n\t\t\t\t<div class=\"elementor-element elementor-element-1a342045 e-flex e-con-boxed e-con e-parent\" data-id=\"1a342045\" data-element_type=\"container\" data-e-type=\"container\" data-settings=\"{&quot;background_background&quot;:&quot;classic&quot;,&quot;jet_parallax_layout_list&quot;:[]}\">\n\t\t\t\t\t<div class=\"e-con-inner\">\n\t\t<div class=\"elementor-element elementor-element-46335b23 e-con-full e-flex e-con e-child\" data-id=\"46335b23\" data-element_type=\"container\" data-e-type=\"container\" data-settings=\"{&quot;jet_parallax_layout_list&quot;:[]}\">\n\t\t\t\t<div class=\"elementor-element elementor-element-1289f0ea elementor-widget elementor-widget-heading\" data-id=\"1289f0ea\" data-element_type=\"widget\" data-e-type=\"widget\" data-widget_type=\"heading.default\">\n\t\t\t\t<div class=\"elementor-widget-container\">\n\t\t\t\t\t<h2 class=\"elementor-heading-title elementor-size-default\">SESI\u00d3N DE CORTOMETRAJES<\/h2>\t\t\t\t<\/div>\n\t\t\t\t<\/div>\n\t\t\t\t<div class=\"elementor-element elementor-element-5bb169cb elementor-widget-divider--separator-type-pattern elementor-widget-divider--view-line elementor-invisible elementor-widget elementor-widget-divider\" data-id=\"5bb169cb\" data-element_type=\"widget\" data-e-type=\"widget\" data-settings=\"{&quot;_animation&quot;:&quot;fadeInRight&quot;}\" data-widget_type=\"divider.default\">\n\t\t\t\t<div class=\"elementor-widget-container\">\n\t\t\t\t\t\t\t<div class=\"elementor-divider\" style=\"--divider-pattern-url: url(&quot;data:image\/svg+xml,%3Csvg xmlns=&#039;http:\/\/www.w3.org\/2000\/svg&#039; preserveAspectRatio=&#039;none&#039; overflow=&#039;visible&#039; height=&#039;100%&#039; viewBox=&#039;0 0 20 16&#039; fill=&#039;none&#039; stroke=&#039;black&#039; stroke-width=&#039;3&#039; stroke-linecap=&#039;square&#039; stroke-miterlimit=&#039;10&#039;%3E%3Cg transform=&#039;translate(-12.000000, 0)&#039;%3E%3Cpath d=&#039;M28,0L10,18&#039;\/%3E%3Cpath d=&#039;M18,0L0,18&#039;\/%3E%3Cpath d=&#039;M48,0L30,18&#039;\/%3E%3Cpath d=&#039;M38,0L20,18&#039;\/%3E%3C\/g%3E%3C\/svg%3E&quot;);\">\n\t\t\t<span class=\"elementor-divider-separator\">\n\t\t\t\t\t\t<\/span>\n\t\t<\/div>\n\t\t\t\t\t\t<\/div>\n\t\t\t\t<\/div>\n\t\t\t\t<div class=\"elementor-element elementor-element-133d36ef elementor-widget elementor-widget-text-editor\" data-id=\"133d36ef\" data-element_type=\"widget\" data-e-type=\"widget\" data-widget_type=\"text-editor.default\">\n\t\t\t\t<div class=\"elementor-widget-container\">\n\t\t\t\t\t\t\t\t\t<p>Disfruta de una selecci\u00f3n especial de cortometrajes dentro del <strong data-start=\"148\" data-end=\"172\">Marere Film Festival<\/strong>, una sesi\u00f3n que re\u00fane historias breves pero intensas de diferentes autores y estilos.<\/p>\t\t\t\t\t\t\t\t<\/div>\n\t\t\t\t<\/div>\n\t\t\t\t<\/div>\n\t\t<div class=\"elementor-element elementor-element-1732e2ff e-con-full e-flex e-con e-child\" data-id=\"1732e2ff\" data-element_type=\"container\" data-e-type=\"container\" data-settings=\"{&quot;jet_parallax_layout_list&quot;:[]}\">\n\t\t<div class=\"elementor-element elementor-element-5e94ccb3 e-con-full e-flex elementor-invisible e-con e-child\" data-id=\"5e94ccb3\" data-element_type=\"container\" data-e-type=\"container\" data-settings=\"{&quot;jet_parallax_layout_list&quot;:[],&quot;animation&quot;:&quot;fadeInUp&quot;}\">\n\t\t<div class=\"elementor-element elementor-element-456b78d1 e-con-full e-flex e-con e-child\" data-id=\"456b78d1\" data-element_type=\"container\" data-e-type=\"container\" data-settings=\"{&quot;jet_parallax_layout_list&quot;:[]}\">\n\t\t\t\t<div class=\"elementor-element elementor-element-55cbe54e elementor-widget elementor-widget-image\" data-id=\"55cbe54e\" data-element_type=\"widget\" data-e-type=\"widget\" data-widget_type=\"image.default\">\n\t\t\t\t<div class=\"elementor-widget-container\">\n\t\t\t\t\t\t\t\t\t\t\t\t\t\t\t<img fetchpriority=\"high\" decoding=\"async\" width=\"717\" height=\"1024\" src=\"https:\/\/marerefilmfestival.com\/wp-content\/uploads\/2026\/03\/MARERE-gala-Cortos-2026-717x1024.jpg\" class=\"attachment-large size-large wp-image-2102\" alt=\"\" srcset=\"https:\/\/marerefilmfestival.com\/wp-content\/uploads\/2026\/03\/MARERE-gala-Cortos-2026-717x1024.jpg 717w, https:\/\/marerefilmfestival.com\/wp-content\/uploads\/2026\/03\/MARERE-gala-Cortos-2026-210x300.jpg 210w, https:\/\/marerefilmfestival.com\/wp-content\/uploads\/2026\/03\/MARERE-gala-Cortos-2026-768x1097.jpg 768w, https:\/\/marerefilmfestival.com\/wp-content\/uploads\/2026\/03\/MARERE-gala-Cortos-2026-8x12.jpg 8w, https:\/\/marerefilmfestival.com\/wp-content\/uploads\/2026\/03\/MARERE-gala-Cortos-2026.jpg 896w\" sizes=\"(max-width: 717px) 100vw, 717px\" \/>\t\t\t\t\t\t\t\t\t\t\t\t\t\t\t<\/div>\n\t\t\t\t<\/div>\n\t\t\t\t<div class=\"elementor-element elementor-element-b371b61 elementor-widget elementor-widget-text-editor\" data-id=\"b371b61\" data-element_type=\"widget\" data-e-type=\"widget\" data-widget_type=\"text-editor.default\">\n\t\t\t\t<div class=\"elementor-widget-container\">\n\t\t\t\t\t\t\t\t\t<p data-start=\"62\" data-end=\"188\">Una selecci\u00f3n de cortometrajes del <strong data-start=\"97\" data-end=\"121\">Marere Film Festival<\/strong> que re\u00fane diferentes historias y estilos del cine independiente.<\/p><p data-start=\"190\" data-end=\"245\" data-is-last-node=\"\" data-is-only-node=\"\">\ud83d\udcc5 <strong data-start=\"193\" data-end=\"216\">S\u00e1bado 21 \u00b7 11:30 h<\/strong><br data-start=\"216\" data-end=\"219\" \/>\ud83c\udf9f <strong data-start=\"222\" data-end=\"242\">Entrada gratuita<\/strong><\/p>\t\t\t\t\t\t\t\t<\/div>\n\t\t\t\t<\/div>\n\t\t\t\t<\/div>\n\t\t<div class=\"elementor-element elementor-element-58cd9913 e-con-full e-flex e-con e-child\" data-id=\"58cd9913\" data-element_type=\"container\" data-e-type=\"container\" data-settings=\"{&quot;jet_parallax_layout_list&quot;:[]}\">\n\t\t<div class=\"elementor-element elementor-element-5f839592 e-grid e-con-full e-con e-child\" data-id=\"5f839592\" data-element_type=\"container\" data-e-type=\"container\" data-settings=\"{&quot;jet_parallax_layout_list&quot;:[]}\">\n\t\t\t\t<div class=\"elementor-element elementor-element-49a6d6a3 elementor-widget elementor-widget-image\" data-id=\"49a6d6a3\" data-element_type=\"widget\" data-e-type=\"widget\" data-widget_type=\"image.default\">\n\t\t\t\t<div class=\"elementor-widget-container\">\n\t\t\t\t\t\t\t\t\t\t\t\t\t\t\t<img decoding=\"async\" width=\"716\" height=\"1024\" src=\"https:\/\/marerefilmfestival.com\/wp-content\/uploads\/2026\/03\/EL-MOCADOR-DE-SEDA_poster-724x1024-1.jpg\" class=\"attachment-large size-large wp-image-2103\" alt=\"\" srcset=\"https:\/\/marerefilmfestival.com\/wp-content\/uploads\/2026\/03\/EL-MOCADOR-DE-SEDA_poster-724x1024-1.jpg 716w, https:\/\/marerefilmfestival.com\/wp-content\/uploads\/2026\/03\/EL-MOCADOR-DE-SEDA_poster-724x1024-1-210x300.jpg 210w, https:\/\/marerefilmfestival.com\/wp-content\/uploads\/2026\/03\/EL-MOCADOR-DE-SEDA_poster-724x1024-1-8x12.jpg 8w\" sizes=\"(max-width: 716px) 100vw, 716px\" \/>\t\t\t\t\t\t\t\t\t\t\t\t\t\t\t<\/div>\n\t\t\t\t<\/div>\n\t\t\t\t<div class=\"elementor-element elementor-element-65272e27 elementor-widget elementor-widget-image\" data-id=\"65272e27\" data-element_type=\"widget\" data-e-type=\"widget\" data-widget_type=\"image.default\">\n\t\t\t\t<div class=\"elementor-widget-container\">\n\t\t\t\t\t\t\t\t\t\t\t\t\t\t\t<img decoding=\"async\" width=\"717\" height=\"1024\" src=\"https:\/\/marerefilmfestival.com\/wp-content\/uploads\/2026\/03\/Poster-Escribiendo-2-2-717x1024.jpg\" class=\"attachment-large size-large wp-image-2104\" alt=\"\" srcset=\"https:\/\/marerefilmfestival.com\/wp-content\/uploads\/2026\/03\/Poster-Escribiendo-2-2-717x1024.jpg 717w, https:\/\/marerefilmfestival.com\/wp-content\/uploads\/2026\/03\/Poster-Escribiendo-2-2-210x300.jpg 210w, https:\/\/marerefilmfestival.com\/wp-content\/uploads\/2026\/03\/Poster-Escribiendo-2-2-768x1096.jpg 768w, https:\/\/marerefilmfestival.com\/wp-content\/uploads\/2026\/03\/Poster-Escribiendo-2-2-8x12.jpg 8w, https:\/\/marerefilmfestival.com\/wp-content\/uploads\/2026\/03\/Poster-Escribiendo-2-2.jpg 816w\" sizes=\"(max-width: 717px) 100vw, 717px\" \/>\t\t\t\t\t\t\t\t\t\t\t\t\t\t\t<\/div>\n\t\t\t\t<\/div>\n\t\t\t\t<div class=\"elementor-element elementor-element-17cea9dd elementor-widget elementor-widget-image\" data-id=\"17cea9dd\" data-element_type=\"widget\" data-e-type=\"widget\" data-widget_type=\"image.default\">\n\t\t\t\t<div class=\"elementor-widget-container\">\n\t\t\t\t\t\t\t\t\t\t\t\t\t\t\t<img loading=\"lazy\" decoding=\"async\" width=\"717\" height=\"1024\" src=\"https:\/\/marerefilmfestival.com\/wp-content\/uploads\/2026\/03\/fantasma-02-717x1024.jpg\" class=\"attachment-large size-large wp-image-2105\" alt=\"\" srcset=\"https:\/\/marerefilmfestival.com\/wp-content\/uploads\/2026\/03\/fantasma-02-717x1024.jpg 717w, https:\/\/marerefilmfestival.com\/wp-content\/uploads\/2026\/03\/fantasma-02-210x300.jpg 210w, https:\/\/marerefilmfestival.com\/wp-content\/uploads\/2026\/03\/fantasma-02-8x12.jpg 8w, https:\/\/marerefilmfestival.com\/wp-content\/uploads\/2026\/03\/fantasma-02.jpg 728w\" sizes=\"(max-width: 717px) 100vw, 717px\" \/>\t\t\t\t\t\t\t\t\t\t\t\t\t\t\t<\/div>\n\t\t\t\t<\/div>\n\t\t\t\t<div class=\"elementor-element elementor-element-201dd87e elementor-widget elementor-widget-image\" data-id=\"201dd87e\" data-element_type=\"widget\" data-e-type=\"widget\" data-widget_type=\"image.default\">\n\t\t\t\t<div class=\"elementor-widget-container\">\n\t\t\t\t\t\t\t\t\t\t\t\t\t\t\t<img loading=\"lazy\" decoding=\"async\" width=\"717\" height=\"1024\" src=\"https:\/\/marerefilmfestival.com\/wp-content\/uploads\/2026\/03\/MV5BMmU2ZDJjZDAtM2YzNi00ZjViLTk0ZTAtZjE2MDEwNDRjOTIwXkEyXkFqcGc@._V1_-717x1024.jpeg\" class=\"attachment-large size-large wp-image-2106\" alt=\"\" srcset=\"https:\/\/marerefilmfestival.com\/wp-content\/uploads\/2026\/03\/MV5BMmU2ZDJjZDAtM2YzNi00ZjViLTk0ZTAtZjE2MDEwNDRjOTIwXkEyXkFqcGc@._V1_-717x1024.jpeg 717w, https:\/\/marerefilmfestival.com\/wp-content\/uploads\/2026\/03\/MV5BMmU2ZDJjZDAtM2YzNi00ZjViLTk0ZTAtZjE2MDEwNDRjOTIwXkEyXkFqcGc@._V1_-210x300.jpeg 210w, https:\/\/marerefilmfestival.com\/wp-content\/uploads\/2026\/03\/MV5BMmU2ZDJjZDAtM2YzNi00ZjViLTk0ZTAtZjE2MDEwNDRjOTIwXkEyXkFqcGc@._V1_-768x1097.jpeg 768w, https:\/\/marerefilmfestival.com\/wp-content\/uploads\/2026\/03\/MV5BMmU2ZDJjZDAtM2YzNi00ZjViLTk0ZTAtZjE2MDEwNDRjOTIwXkEyXkFqcGc@._V1_-8x12.jpeg 8w, https:\/\/marerefilmfestival.com\/wp-content\/uploads\/2026\/03\/MV5BMmU2ZDJjZDAtM2YzNi00ZjViLTk0ZTAtZjE2MDEwNDRjOTIwXkEyXkFqcGc@._V1_.jpeg 896w\" sizes=\"(max-width: 717px) 100vw, 717px\" \/>\t\t\t\t\t\t\t\t\t\t\t\t\t\t\t<\/div>\n\t\t\t\t<\/div>\n\t\t\t\t<div class=\"elementor-element elementor-element-2fa04b5d elementor-widget elementor-widget-image\" data-id=\"2fa04b5d\" data-element_type=\"widget\" data-e-type=\"widget\" data-widget_type=\"image.default\">\n\t\t\t\t<div class=\"elementor-widget-container\">\n\t\t\t\t\t\t\t\t\t\t\t\t\t\t\t<img loading=\"lazy\" decoding=\"async\" width=\"717\" height=\"1024\" src=\"https:\/\/marerefilmfestival.com\/wp-content\/uploads\/2026\/03\/leonardo-717x1024.jpeg\" class=\"attachment-large size-large wp-image-2107\" alt=\"\" srcset=\"https:\/\/marerefilmfestival.com\/wp-content\/uploads\/2026\/03\/leonardo-717x1024.jpeg 717w, https:\/\/marerefilmfestival.com\/wp-content\/uploads\/2026\/03\/leonardo-210x300.jpeg 210w, https:\/\/marerefilmfestival.com\/wp-content\/uploads\/2026\/03\/leonardo-768x1097.jpeg 768w, https:\/\/marerefilmfestival.com\/wp-content\/uploads\/2026\/03\/leonardo-8x12.jpeg 8w, https:\/\/marerefilmfestival.com\/wp-content\/uploads\/2026\/03\/leonardo.jpeg 896w\" sizes=\"(max-width: 717px) 100vw, 717px\" \/>\t\t\t\t\t\t\t\t\t\t\t\t\t\t\t<\/div>\n\t\t\t\t<\/div>\n\t\t\t\t<div class=\"elementor-element elementor-element-6f29b8ac elementor-widget elementor-widget-image\" data-id=\"6f29b8ac\" data-element_type=\"widget\" data-e-type=\"widget\" data-widget_type=\"image.default\">\n\t\t\t\t<div class=\"elementor-widget-container\">\n\t\t\t\t\t\t\t\t\t\t\t\t\t\t\t<img loading=\"lazy\" decoding=\"async\" width=\"717\" height=\"1024\" src=\"https:\/\/marerefilmfestival.com\/wp-content\/uploads\/2026\/03\/elrevisor-717x1024.png\" class=\"attachment-large size-large wp-image-2108\" alt=\"\" srcset=\"https:\/\/marerefilmfestival.com\/wp-content\/uploads\/2026\/03\/elrevisor-717x1024.png 717w, https:\/\/marerefilmfestival.com\/wp-content\/uploads\/2026\/03\/elrevisor-210x300.png 210w, https:\/\/marerefilmfestival.com\/wp-content\/uploads\/2026\/03\/elrevisor-8x12.png 8w, https:\/\/marerefilmfestival.com\/wp-content\/uploads\/2026\/03\/elrevisor.png 721w\" sizes=\"(max-width: 717px) 100vw, 717px\" \/>\t\t\t\t\t\t\t\t\t\t\t\t\t\t\t<\/div>\n\t\t\t\t<\/div>\n\t\t\t\t<\/div>\n\t\t\t\t<\/div>\n\t\t\t\t<\/div>\n\t\t\t\t<\/div>\n\t\t\t\t\t<\/div>\n\t\t\t\t<\/div>\n\t\t\t\t<\/div>","protected":false},"excerpt":{"rendered":"<p>SESI\u00d3N DE CORTOMETRAJES Disfruta de una selecci\u00f3n especial de cortometrajes dentro del Marere Film Festival, una sesi\u00f3n que re\u00fane historias breves pero intensas de diferentes autores y estilos. Una selecci\u00f3n de cortometrajes del Marere Film Festival que re\u00fane diferentes historias y estilos del cine independiente. \ud83d\udcc5 S\u00e1bado 21 \u00b7 11:30 h\ud83c\udf9f Entrada gratuita<\/p>","protected":false},"author":1,"featured_media":0,"parent":0,"menu_order":0,"comment_status":"closed","ping_status":"closed","template":"","meta":{"inline_featured_image":false,"footnotes":""},"class_list":["post-2099","page","type-page","status-publish","hentry"],"_links":{"self":[{"href":"https:\/\/marerefilmfestival.com\/va\/wp-json\/wp\/v2\/pages\/2099","targetHints":{"allow":["GET"]}}],"collection":[{"href":"https:\/\/marerefilmfestival.com\/va\/wp-json\/wp\/v2\/pages"}],"about":[{"href":"https:\/\/marerefilmfestival.com\/va\/wp-json\/wp\/v2\/types\/page"}],"author":[{"embeddable":true,"href":"https:\/\/marerefilmfestival.com\/va\/wp-json\/wp\/v2\/users\/1"}],"replies":[{"embeddable":true,"href":"https:\/\/marerefilmfestival.com\/va\/wp-json\/wp\/v2\/comments?post=2099"}],"version-history":[{"count":10,"href":"https:\/\/marerefilmfestival.com\/va\/wp-json\/wp\/v2\/pages\/2099\/revisions"}],"predecessor-version":[{"id":2145,"href":"https:\/\/marerefilmfestival.com\/va\/wp-json\/wp\/v2\/pages\/2099\/revisions\/2145"}],"wp:attachment":[{"href":"https:\/\/marerefilmfestival.com\/va\/wp-json\/wp\/v2\/media?parent=2099"}],"curies":[{"name":"wp","href":"https:\/\/api.w.org\/{rel}","templated":true}]}}